{"id":3636,"date":"2020-08-03T16:42:37","date_gmt":"2020-08-03T14:42:37","guid":{"rendered":"https:\/\/www.rariplast.com\/referenze\/"},"modified":"2024-03-05T14:21:13","modified_gmt":"2024-03-05T13:21:13","slug":"references","status":"publish","type":"page","link":"https:\/\/www.rariplast.com\/fr\/references\/","title":{"rendered":"R\u00e9f\u00e9rences"},"content":{"rendered":"<h2>Voici certaines des plus importantes<br \/>\nr\u00e9alisations de ces derni\u00e8res ann\u00e9es.<\/h2>\n","protected":false},"excerpt":{"rendered":"<p>Voici certaines des plus importantes r\u00e9alisations de ces derni\u00e8res ann\u00e9es.<\/p>\n","protected":false},"author":1,"featured_media":0,"parent":0,"menu_order":19,"comment_status":"closed","ping_status":"closed","template":"referenze.php","meta":{"_acf_changed":false,"footnotes":""},"class_list":["post-3636","page","type-page","status-publish","hentry"],"acf":[],"yoast_head":"<!-- This site is optimized with the Yoast SEO plugin v27.4 - https:\/\/yoast.com\/product\/yoast-seo-wordpress\/ -->\n<title>R\u00e9f\u00e9rences: transformation des mati\u00e8res plastiques - Rariplast<\/title>\n<meta name=\"description\" content=\"Nos r\u00e9f\u00e9rences: voici quelques-uns des plus importantsSucc\u00e8s de Rariplast ces derni\u00e8res ann\u00e9es.\" \/>\n<meta name=\"robots\" content=\"index, follow, max-snippet:-1, max-image-preview:large, max-video-preview:-1\" \/>\n<link rel=\"canonical\" href=\"https:\/\/www.rariplast.com\/fr\/references\/\" \/>\n<meta property=\"og:locale\" content=\"fr_FR\" \/>\n<meta property=\"og:type\" content=\"article\" \/>\n<meta property=\"og:title\" content=\"R\u00e9f\u00e9rences: transformation des mati\u00e8res plastiques - Rariplast\" \/>\n<meta property=\"og:description\" content=\"Nos r\u00e9f\u00e9rences: voici quelques-uns des plus importantsSucc\u00e8s de Rariplast ces derni\u00e8res ann\u00e9es.\" \/>\n<meta property=\"og:url\" content=\"https:\/\/www.rariplast.com\/fr\/references\/\" \/>\n<meta property=\"og:site_name\" content=\"Materie plastiche lavorazione PVC \u2013 PEAD \u2013 PP \u2013 PVDF - Rariplast\" \/>\n<meta property=\"article:modified_time\" content=\"2024-03-05T13:21:13+00:00\" \/>\n<meta name=\"twitter:card\" content=\"summary_large_image\" \/>\n<meta name=\"twitter:label1\" content=\"Dur\u00e9e de lecture estim\u00e9e\" \/>\n\t<meta name=\"twitter:data1\" content=\"1 minute\" \/>\n<script type=\"application\/ld+json\" class=\"yoast-schema-graph\">{\"@context\":\"https:\\\/\\\/schema.org\",\"@graph\":[{\"@type\":\"WebPage\",\"@id\":\"https:\\\/\\\/www.rariplast.com\\\/fr\\\/references\\\/\",\"url\":\"https:\\\/\\\/www.rariplast.com\\\/fr\\\/references\\\/\",\"name\":\"R\u00e9f\u00e9rences: transformation des mati\u00e8res plastiques - Rariplast\",\"isPartOf\":{\"@id\":\"https:\\\/\\\/www.rariplast.com\\\/#website\"},\"datePublished\":\"2020-08-03T14:42:37+00:00\",\"dateModified\":\"2024-03-05T13:21:13+00:00\",\"description\":\"Nos r\u00e9f\u00e9rences: voici quelques-uns des plus importantsSucc\u00e8s de Rariplast ces derni\u00e8res ann\u00e9es.\",\"breadcrumb\":{\"@id\":\"https:\\\/\\\/www.rariplast.com\\\/fr\\\/references\\\/#breadcrumb\"},\"inLanguage\":\"fr-FR\",\"potentialAction\":[{\"@type\":\"ReadAction\",\"target\":[\"https:\\\/\\\/www.rariplast.com\\\/fr\\\/references\\\/\"]}]},{\"@type\":\"BreadcrumbList\",\"@id\":\"https:\\\/\\\/www.rariplast.com\\\/fr\\\/references\\\/#breadcrumb\",\"itemListElement\":[{\"@type\":\"ListItem\",\"position\":1,\"name\":\"Home\",\"item\":\"https:\\\/\\\/www.rariplast.com\\\/fr\\\/\"},{\"@type\":\"ListItem\",\"position\":2,\"name\":\"R\u00e9f\u00e9rences\"}]},{\"@type\":\"WebSite\",\"@id\":\"https:\\\/\\\/www.rariplast.com\\\/#website\",\"url\":\"https:\\\/\\\/www.rariplast.com\\\/\",\"name\":\"Materie plastiche lavorazione PVC \u2013 PEAD \u2013 PP \u2013 PVDF - Rariplast\",\"description\":\"\",\"publisher\":{\"@id\":\"https:\\\/\\\/www.rariplast.com\\\/#organization\"},\"potentialAction\":[{\"@type\":\"SearchAction\",\"target\":{\"@type\":\"EntryPoint\",\"urlTemplate\":\"https:\\\/\\\/www.rariplast.com\\\/?s={search_term_string}\"},\"query-input\":{\"@type\":\"PropertyValueSpecification\",\"valueRequired\":true,\"valueName\":\"search_term_string\"}}],\"inLanguage\":\"fr-FR\"},{\"@type\":\"Organization\",\"@id\":\"https:\\\/\\\/www.rariplast.com\\\/#organization\",\"name\":\"Rariplast s.r.l.\",\"url\":\"https:\\\/\\\/www.rariplast.com\\\/\",\"logo\":{\"@type\":\"ImageObject\",\"inLanguage\":\"fr-FR\",\"@id\":\"https:\\\/\\\/www.rariplast.com\\\/#\\\/schema\\\/logo\\\/image\\\/\",\"url\":\"https:\\\/\\\/www.rariplast.com\\\/wp-content\\\/uploads\\\/2020\\\/08\\\/logo.png\",\"contentUrl\":\"https:\\\/\\\/www.rariplast.com\\\/wp-content\\\/uploads\\\/2020\\\/08\\\/logo.png\",\"width\":310,\"height\":80,\"caption\":\"Rariplast s.r.l.\"},\"image\":{\"@id\":\"https:\\\/\\\/www.rariplast.com\\\/#\\\/schema\\\/logo\\\/image\\\/\"}}]}<\/script>\n<!-- \/ Yoast SEO plugin. -->","yoast_head_json":{"title":"R\u00e9f\u00e9rences: transformation des mati\u00e8res plastiques - Rariplast","description":"Nos r\u00e9f\u00e9rences: voici quelques-uns des plus importantsSucc\u00e8s de Rariplast ces derni\u00e8res ann\u00e9es.","robots":{"index":"index","follow":"follow","max-snippet":"max-snippet:-1","max-image-preview":"max-image-preview:large","max-video-preview":"max-video-preview:-1"},"canonical":"https:\/\/www.rariplast.com\/fr\/references\/","og_locale":"fr_FR","og_type":"article","og_title":"R\u00e9f\u00e9rences: transformation des mati\u00e8res plastiques - Rariplast","og_description":"Nos r\u00e9f\u00e9rences: voici quelques-uns des plus importantsSucc\u00e8s de Rariplast ces derni\u00e8res ann\u00e9es.","og_url":"https:\/\/www.rariplast.com\/fr\/references\/","og_site_name":"Materie plastiche lavorazione PVC \u2013 PEAD \u2013 PP \u2013 PVDF - Rariplast","article_modified_time":"2024-03-05T13:21:13+00:00","twitter_card":"summary_large_image","twitter_misc":{"Dur\u00e9e de lecture estim\u00e9e":"1 minute"},"schema":{"@context":"https:\/\/schema.org","@graph":[{"@type":"WebPage","@id":"https:\/\/www.rariplast.com\/fr\/references\/","url":"https:\/\/www.rariplast.com\/fr\/references\/","name":"R\u00e9f\u00e9rences: transformation des mati\u00e8res plastiques - Rariplast","isPartOf":{"@id":"https:\/\/www.rariplast.com\/#website"},"datePublished":"2020-08-03T14:42:37+00:00","dateModified":"2024-03-05T13:21:13+00:00","description":"Nos r\u00e9f\u00e9rences: voici quelques-uns des plus importantsSucc\u00e8s de Rariplast ces derni\u00e8res ann\u00e9es.","breadcrumb":{"@id":"https:\/\/www.rariplast.com\/fr\/references\/#breadcrumb"},"inLanguage":"fr-FR","potentialAction":[{"@type":"ReadAction","target":["https:\/\/www.rariplast.com\/fr\/references\/"]}]},{"@type":"BreadcrumbList","@id":"https:\/\/www.rariplast.com\/fr\/references\/#breadcrumb","itemListElement":[{"@type":"ListItem","position":1,"name":"Home","item":"https:\/\/www.rariplast.com\/fr\/"},{"@type":"ListItem","position":2,"name":"R\u00e9f\u00e9rences"}]},{"@type":"WebSite","@id":"https:\/\/www.rariplast.com\/#website","url":"https:\/\/www.rariplast.com\/","name":"Materie plastiche lavorazione PVC \u2013 PEAD \u2013 PP \u2013 PVDF - Rariplast","description":"","publisher":{"@id":"https:\/\/www.rariplast.com\/#organization"},"potentialAction":[{"@type":"SearchAction","target":{"@type":"EntryPoint","urlTemplate":"https:\/\/www.rariplast.com\/?s={search_term_string}"},"query-input":{"@type":"PropertyValueSpecification","valueRequired":true,"valueName":"search_term_string"}}],"inLanguage":"fr-FR"},{"@type":"Organization","@id":"https:\/\/www.rariplast.com\/#organization","name":"Rariplast s.r.l.","url":"https:\/\/www.rariplast.com\/","logo":{"@type":"ImageObject","inLanguage":"fr-FR","@id":"https:\/\/www.rariplast.com\/#\/schema\/logo\/image\/","url":"https:\/\/www.rariplast.com\/wp-content\/uploads\/2020\/08\/logo.png","contentUrl":"https:\/\/www.rariplast.com\/wp-content\/uploads\/2020\/08\/logo.png","width":310,"height":80,"caption":"Rariplast s.r.l."},"image":{"@id":"https:\/\/www.rariplast.com\/#\/schema\/logo\/image\/"}}]}},"_links":{"self":[{"href":"https:\/\/www.rariplast.com\/fr\/wp-json\/wp\/v2\/pages\/3636","targetHints":{"allow":["GET"]}}],"collection":[{"href":"https:\/\/www.rariplast.com\/fr\/wp-json\/wp\/v2\/pages"}],"about":[{"href":"https:\/\/www.rariplast.com\/fr\/wp-json\/wp\/v2\/types\/page"}],"author":[{"embeddable":true,"href":"https:\/\/www.rariplast.com\/fr\/wp-json\/wp\/v2\/users\/1"}],"replies":[{"embeddable":true,"href":"https:\/\/www.rariplast.com\/fr\/wp-json\/wp\/v2\/comments?post=3636"}],"version-history":[{"count":5,"href":"https:\/\/www.rariplast.com\/fr\/wp-json\/wp\/v2\/pages\/3636\/revisions"}],"predecessor-version":[{"id":4576,"href":"https:\/\/www.rariplast.com\/fr\/wp-json\/wp\/v2\/pages\/3636\/revisions\/4576"}],"wp:attachment":[{"href":"https:\/\/www.rariplast.com\/fr\/wp-json\/wp\/v2\/media?parent=3636"}],"curies":[{"name":"wp","href":"https:\/\/api.w.org\/{rel}","templated":true}]}}