{"id":3631,"date":"2020-08-03T16:42:00","date_gmt":"2020-08-03T14:42:00","guid":{"rendered":"https:\/\/www.rariplast.com\/azienda\/"},"modified":"2024-02-19T10:54:05","modified_gmt":"2024-02-19T09:54:05","slug":"societe","status":"publish","type":"page","link":"https:\/\/www.rariplast.com\/fr\/societe\/","title":{"rendered":"Soci\u00e9t\u00e9"},"content":{"rendered":"<h2>Notre histoire<\/h2>\n<p><strong>RARIPLAST SRL<\/strong> a \u00e9t\u00e9 fond\u00e9e en 1996 par un groupe d\u2019amis pleins d\u2019espoir avec l\u2019intention d\u2019op\u00e9rer dans le monde de la <strong>transformation des plastiques et de la plomberie<\/strong> en g\u00e9n\u00e9ral.<\/p>\n<p>Pendant cette p\u00e9riode, des clients et des op\u00e9rations prestigieux ont consolid\u00e9 l\u2019image de l\u2019entreprise en dehors de la zone locale et r\u00e9gionale.<br \/>\nL\u2019\u00e9volution continue du march\u00e9 a motiv\u00e9 l\u2019entreprise \u00e0 \u00e9largir sa gamme de produits, de proc\u00e9d\u00e9s et de services, allant de la simple fourniture \u00e0 <strong>la production de pi\u00e8ces sp\u00e9ciales selon des plans<\/strong> \u00e0 <strong>l\u2019installation de r\u00e9seaux et de syst\u00e8mes sur site.<\/strong><\/p>\n","protected":false},"excerpt":{"rendered":"<p>Notre histoire RARIPLAST SRL a \u00e9t\u00e9 fond\u00e9e en 1996 par un groupe [&hellip;]<\/p>\n","protected":false},"author":1,"featured_media":2763,"parent":0,"menu_order":13,"comment_status":"closed","ping_status":"closed","template":"azienda.php","meta":{"_acf_changed":false,"footnotes":""},"class_list":["post-3631","page","type-page","status-publish","has-post-thumbnail","hentry"],"acf":[],"yoast_head":"<!-- This site is optimized with the Yoast SEO plugin v27.4 - https:\/\/yoast.com\/product\/yoast-seo-wordpress\/ -->\n<title>Soci\u00e9t\u00e9: notre histoire - Rariplast<\/title>\n<meta name=\"description\" content=\"RARIPLAST \u00e9t\u00e9 fond\u00e9e en 1996 avec l\u2019intention d\u2019op\u00e9rer dans le monde de la transformation des plastiques et de la plomberie en g\u00e9n\u00e9ral.\" \/>\n<meta name=\"robots\" content=\"index, follow, max-snippet:-1, max-image-preview:large, max-video-preview:-1\" \/>\n<link rel=\"canonical\" href=\"https:\/\/www.rariplast.com\/fr\/societe\/\" \/>\n<meta property=\"og:locale\" content=\"fr_FR\" \/>\n<meta property=\"og:type\" content=\"article\" \/>\n<meta property=\"og:title\" content=\"Soci\u00e9t\u00e9: notre histoire - Rariplast\" \/>\n<meta property=\"og:description\" content=\"RARIPLAST \u00e9t\u00e9 fond\u00e9e en 1996 avec l\u2019intention d\u2019op\u00e9rer dans le monde de la transformation des plastiques et de la plomberie en g\u00e9n\u00e9ral.\" \/>\n<meta property=\"og:url\" content=\"https:\/\/www.rariplast.com\/fr\/societe\/\" \/>\n<meta property=\"og:site_name\" content=\"Materie plastiche lavorazione PVC \u2013 PEAD \u2013 PP \u2013 PVDF - Rariplast\" \/>\n<meta property=\"article:modified_time\" content=\"2024-02-19T09:54:05+00:00\" \/>\n<meta property=\"og:image\" content=\"https:\/\/www.rariplast.com\/wp-content\/uploads\/2020\/08\/foto-rariplast-ingresso.jpg\" \/>\n\t<meta property=\"og:image:width\" content=\"1024\" \/>\n\t<meta property=\"og:image:height\" content=\"768\" \/>\n\t<meta property=\"og:image:type\" content=\"image\/jpeg\" \/>\n<meta name=\"twitter:card\" content=\"summary_large_image\" \/>\n<meta name=\"twitter:label1\" content=\"Dur\u00e9e de lecture estim\u00e9e\" \/>\n\t<meta name=\"twitter:data1\" content=\"1 minute\" \/>\n<script type=\"application\/ld+json\" class=\"yoast-schema-graph\">{\"@context\":\"https:\\\/\\\/schema.org\",\"@graph\":[{\"@type\":\"WebPage\",\"@id\":\"https:\\\/\\\/www.rariplast.com\\\/fr\\\/societe\\\/\",\"url\":\"https:\\\/\\\/www.rariplast.com\\\/fr\\\/societe\\\/\",\"name\":\"Soci\u00e9t\u00e9: notre histoire - Rariplast\",\"isPartOf\":{\"@id\":\"https:\\\/\\\/www.rariplast.com\\\/#website\"},\"primaryImageOfPage\":{\"@id\":\"https:\\\/\\\/www.rariplast.com\\\/fr\\\/societe\\\/#primaryimage\"},\"image\":{\"@id\":\"https:\\\/\\\/www.rariplast.com\\\/fr\\\/societe\\\/#primaryimage\"},\"thumbnailUrl\":\"https:\\\/\\\/www.rariplast.com\\\/wp-content\\\/uploads\\\/2020\\\/08\\\/foto-rariplast-ingresso.jpg\",\"datePublished\":\"2020-08-03T14:42:00+00:00\",\"dateModified\":\"2024-02-19T09:54:05+00:00\",\"description\":\"RARIPLAST \u00e9t\u00e9 fond\u00e9e en 1996 avec l\u2019intention d\u2019op\u00e9rer dans le monde de la transformation des plastiques et de la plomberie en g\u00e9n\u00e9ral.\",\"breadcrumb\":{\"@id\":\"https:\\\/\\\/www.rariplast.com\\\/fr\\\/societe\\\/#breadcrumb\"},\"inLanguage\":\"fr-FR\",\"potentialAction\":[{\"@type\":\"ReadAction\",\"target\":[\"https:\\\/\\\/www.rariplast.com\\\/fr\\\/societe\\\/\"]}]},{\"@type\":\"ImageObject\",\"inLanguage\":\"fr-FR\",\"@id\":\"https:\\\/\\\/www.rariplast.com\\\/fr\\\/societe\\\/#primaryimage\",\"url\":\"https:\\\/\\\/www.rariplast.com\\\/wp-content\\\/uploads\\\/2020\\\/08\\\/foto-rariplast-ingresso.jpg\",\"contentUrl\":\"https:\\\/\\\/www.rariplast.com\\\/wp-content\\\/uploads\\\/2020\\\/08\\\/foto-rariplast-ingresso.jpg\",\"width\":1024,\"height\":768},{\"@type\":\"BreadcrumbList\",\"@id\":\"https:\\\/\\\/www.rariplast.com\\\/fr\\\/societe\\\/#breadcrumb\",\"itemListElement\":[{\"@type\":\"ListItem\",\"position\":1,\"name\":\"Home\",\"item\":\"https:\\\/\\\/www.rariplast.com\\\/fr\\\/\"},{\"@type\":\"ListItem\",\"position\":2,\"name\":\"Soci\u00e9t\u00e9\"}]},{\"@type\":\"WebSite\",\"@id\":\"https:\\\/\\\/www.rariplast.com\\\/#website\",\"url\":\"https:\\\/\\\/www.rariplast.com\\\/\",\"name\":\"Materie plastiche lavorazione PVC \u2013 PEAD \u2013 PP \u2013 PVDF - Rariplast\",\"description\":\"\",\"publisher\":{\"@id\":\"https:\\\/\\\/www.rariplast.com\\\/#organization\"},\"potentialAction\":[{\"@type\":\"SearchAction\",\"target\":{\"@type\":\"EntryPoint\",\"urlTemplate\":\"https:\\\/\\\/www.rariplast.com\\\/?s={search_term_string}\"},\"query-input\":{\"@type\":\"PropertyValueSpecification\",\"valueRequired\":true,\"valueName\":\"search_term_string\"}}],\"inLanguage\":\"fr-FR\"},{\"@type\":\"Organization\",\"@id\":\"https:\\\/\\\/www.rariplast.com\\\/#organization\",\"name\":\"Rariplast s.r.l.\",\"url\":\"https:\\\/\\\/www.rariplast.com\\\/\",\"logo\":{\"@type\":\"ImageObject\",\"inLanguage\":\"fr-FR\",\"@id\":\"https:\\\/\\\/www.rariplast.com\\\/#\\\/schema\\\/logo\\\/image\\\/\",\"url\":\"https:\\\/\\\/www.rariplast.com\\\/wp-content\\\/uploads\\\/2020\\\/08\\\/logo.png\",\"contentUrl\":\"https:\\\/\\\/www.rariplast.com\\\/wp-content\\\/uploads\\\/2020\\\/08\\\/logo.png\",\"width\":310,\"height\":80,\"caption\":\"Rariplast s.r.l.\"},\"image\":{\"@id\":\"https:\\\/\\\/www.rariplast.com\\\/#\\\/schema\\\/logo\\\/image\\\/\"}}]}<\/script>\n<!-- \/ Yoast SEO plugin. -->","yoast_head_json":{"title":"Soci\u00e9t\u00e9: notre histoire - Rariplast","description":"RARIPLAST \u00e9t\u00e9 fond\u00e9e en 1996 avec l\u2019intention d\u2019op\u00e9rer dans le monde de la transformation des plastiques et de la plomberie en g\u00e9n\u00e9ral.","robots":{"index":"index","follow":"follow","max-snippet":"max-snippet:-1","max-image-preview":"max-image-preview:large","max-video-preview":"max-video-preview:-1"},"canonical":"https:\/\/www.rariplast.com\/fr\/societe\/","og_locale":"fr_FR","og_type":"article","og_title":"Soci\u00e9t\u00e9: notre histoire - Rariplast","og_description":"RARIPLAST \u00e9t\u00e9 fond\u00e9e en 1996 avec l\u2019intention d\u2019op\u00e9rer dans le monde de la transformation des plastiques et de la plomberie en g\u00e9n\u00e9ral.","og_url":"https:\/\/www.rariplast.com\/fr\/societe\/","og_site_name":"Materie plastiche lavorazione PVC \u2013 PEAD \u2013 PP \u2013 PVDF - Rariplast","article_modified_time":"2024-02-19T09:54:05+00:00","og_image":[{"width":1024,"height":768,"url":"https:\/\/www.rariplast.com\/wp-content\/uploads\/2020\/08\/foto-rariplast-ingresso.jpg","type":"image\/jpeg"}],"twitter_card":"summary_large_image","twitter_misc":{"Dur\u00e9e de lecture estim\u00e9e":"1 minute"},"schema":{"@context":"https:\/\/schema.org","@graph":[{"@type":"WebPage","@id":"https:\/\/www.rariplast.com\/fr\/societe\/","url":"https:\/\/www.rariplast.com\/fr\/societe\/","name":"Soci\u00e9t\u00e9: notre histoire - Rariplast","isPartOf":{"@id":"https:\/\/www.rariplast.com\/#website"},"primaryImageOfPage":{"@id":"https:\/\/www.rariplast.com\/fr\/societe\/#primaryimage"},"image":{"@id":"https:\/\/www.rariplast.com\/fr\/societe\/#primaryimage"},"thumbnailUrl":"https:\/\/www.rariplast.com\/wp-content\/uploads\/2020\/08\/foto-rariplast-ingresso.jpg","datePublished":"2020-08-03T14:42:00+00:00","dateModified":"2024-02-19T09:54:05+00:00","description":"RARIPLAST \u00e9t\u00e9 fond\u00e9e en 1996 avec l\u2019intention d\u2019op\u00e9rer dans le monde de la transformation des plastiques et de la plomberie en g\u00e9n\u00e9ral.","breadcrumb":{"@id":"https:\/\/www.rariplast.com\/fr\/societe\/#breadcrumb"},"inLanguage":"fr-FR","potentialAction":[{"@type":"ReadAction","target":["https:\/\/www.rariplast.com\/fr\/societe\/"]}]},{"@type":"ImageObject","inLanguage":"fr-FR","@id":"https:\/\/www.rariplast.com\/fr\/societe\/#primaryimage","url":"https:\/\/www.rariplast.com\/wp-content\/uploads\/2020\/08\/foto-rariplast-ingresso.jpg","contentUrl":"https:\/\/www.rariplast.com\/wp-content\/uploads\/2020\/08\/foto-rariplast-ingresso.jpg","width":1024,"height":768},{"@type":"BreadcrumbList","@id":"https:\/\/www.rariplast.com\/fr\/societe\/#breadcrumb","itemListElement":[{"@type":"ListItem","position":1,"name":"Home","item":"https:\/\/www.rariplast.com\/fr\/"},{"@type":"ListItem","position":2,"name":"Soci\u00e9t\u00e9"}]},{"@type":"WebSite","@id":"https:\/\/www.rariplast.com\/#website","url":"https:\/\/www.rariplast.com\/","name":"Materie plastiche lavorazione PVC \u2013 PEAD \u2013 PP \u2013 PVDF - Rariplast","description":"","publisher":{"@id":"https:\/\/www.rariplast.com\/#organization"},"potentialAction":[{"@type":"SearchAction","target":{"@type":"EntryPoint","urlTemplate":"https:\/\/www.rariplast.com\/?s={search_term_string}"},"query-input":{"@type":"PropertyValueSpecification","valueRequired":true,"valueName":"search_term_string"}}],"inLanguage":"fr-FR"},{"@type":"Organization","@id":"https:\/\/www.rariplast.com\/#organization","name":"Rariplast s.r.l.","url":"https:\/\/www.rariplast.com\/","logo":{"@type":"ImageObject","inLanguage":"fr-FR","@id":"https:\/\/www.rariplast.com\/#\/schema\/logo\/image\/","url":"https:\/\/www.rariplast.com\/wp-content\/uploads\/2020\/08\/logo.png","contentUrl":"https:\/\/www.rariplast.com\/wp-content\/uploads\/2020\/08\/logo.png","width":310,"height":80,"caption":"Rariplast s.r.l."},"image":{"@id":"https:\/\/www.rariplast.com\/#\/schema\/logo\/image\/"}}]}},"_links":{"self":[{"href":"https:\/\/www.rariplast.com\/fr\/wp-json\/wp\/v2\/pages\/3631","targetHints":{"allow":["GET"]}}],"collection":[{"href":"https:\/\/www.rariplast.com\/fr\/wp-json\/wp\/v2\/pages"}],"about":[{"href":"https:\/\/www.rariplast.com\/fr\/wp-json\/wp\/v2\/types\/page"}],"author":[{"embeddable":true,"href":"https:\/\/www.rariplast.com\/fr\/wp-json\/wp\/v2\/users\/1"}],"replies":[{"embeddable":true,"href":"https:\/\/www.rariplast.com\/fr\/wp-json\/wp\/v2\/comments?post=3631"}],"version-history":[{"count":6,"href":"https:\/\/www.rariplast.com\/fr\/wp-json\/wp\/v2\/pages\/3631\/revisions"}],"predecessor-version":[{"id":4520,"href":"https:\/\/www.rariplast.com\/fr\/wp-json\/wp\/v2\/pages\/3631\/revisions\/4520"}],"wp:featuredmedia":[{"embeddable":true,"href":"https:\/\/www.rariplast.com\/fr\/wp-json\/wp\/v2\/media\/2763"}],"wp:attachment":[{"href":"https:\/\/www.rariplast.com\/fr\/wp-json\/wp\/v2\/media?parent=3631"}],"curies":[{"name":"wp","href":"https:\/\/api.w.org\/{rel}","templated":true}]}}